{"id":153,"date":"2025-09-30T10:20:09","date_gmt":"2025-09-30T07:20:09","guid":{"rendered":"https:\/\/ski.fi\/bikeparkfinland\/?page_id=153"},"modified":"2025-12-02T10:50:23","modified_gmt":"2025-12-02T08:50:23","slug":"sopimusehdot","status":"publish","type":"page","link":"https:\/\/ski.fi\/bikeparkfinland\/info\/sopimusehdot\/","title":{"rendered":"Sopimusehdot"},"content":{"rendered":"\n<section class=\"block block-hero-subpage has-image\">\n  <div class=\"container\">\n\n    <div class=\"wrapper-content\">\n              <h1 class=\"heading\">\n          Sopimusehdot        <\/h1>\n      \n      \n              <div class=\"wrapper-content-text\">\n          <p>Alla olevasta listasta l\u00f6yd\u00e4t suorat linkit kuluttaja-asiamiehen hyv\u00e4ksymiin Bike Parkien sopimusehtoihin.<\/p>\n        <\/div>\n      \n      \n          <\/div>\n\n          <div class=\"image image-background\">\n            <img decoding=\"async\" loading=\"lazy\"\n      alt=\"\"\n      src=\"https:\/\/ski.fi\/media\/sites\/3\/ellivuori_bikepark_4487.jpg\"\n              srcset=\"https:\/\/ski.fi\/media\/sites\/3\/ellivuori_bikepark_4487-300x200.jpg 300w, https:\/\/ski.fi\/media\/sites\/3\/ellivuori_bikepark_4487-1024x683.jpg 1024w, https:\/\/ski.fi\/media\/sites\/3\/ellivuori_bikepark_4487-768x512.jpg 768w, https:\/\/ski.fi\/media\/sites\/3\/ellivuori_bikepark_4487-1536x1024.jpg 1536w, https:\/\/ski.fi\/media\/sites\/3\/ellivuori_bikepark_4487-2048x1365.jpg 2048w\"\n        sizes=\"auto, (max-width: 768px) 100vw, (max-width: 1200px) 50vw, 100vw\"\n                    width=\"3840\"\n        height=\"2560\"\n                      \/>\n    \n              <\/div>\n\n    \n  <\/div>\n<\/section>\n\n\n\n<section class=\"block block-heading-with-links has-background-color-off-white has-hidden-heading\">\n  <div class=\"container\">\n\n    <div class=\"wrapper-heading\">\n              <h2 class=\"heading\">\n          Kaikki linkit        <\/h2>\n          <\/div>\n\n    <ul class=\"wrapper-links\">\n              <li class=\"link\">\n          <a href=\"https:\/\/ski.fi\/bikeparkfinland\/info\/sopimusehdot\/yleiset-sopimusehdot\/\">\n            Yleiset sopimusehdot            <svg class=\"arrow-long\" fill=\"none\" height=\"11\" viewBox=\"0 0 14 11\" width=\"14\" xmlns=\"http:\/\/www.w3.org\/2000\/svg\"><path d=\"m.4 4.46487h10.776l-2.76-3.840004h1.872l3.336 4.704004-3.336 4.70403h-1.872l2.76-3.84003h-10.776z\" fill=\"currentColor\"\/><\/svg>          <\/a>\n        <\/li>\n              <li class=\"link\">\n          <a href=\"https:\/\/ski.fi\/bikeparkfinland\/info\/sopimusehdot\/valinevuokraamoiden-sopimusehdot\/\">\n            V\u00e4linevuokraamoiden sopimusehdot            <svg class=\"arrow-long\" fill=\"none\" height=\"11\" viewBox=\"0 0 14 11\" width=\"14\" xmlns=\"http:\/\/www.w3.org\/2000\/svg\"><path d=\"m.4 4.46487h10.776l-2.76-3.840004h1.872l3.336 4.704004-3.336 4.70403h-1.872l2.76-3.84003h-10.776z\" fill=\"currentColor\"\/><\/svg>          <\/a>\n        <\/li>\n              <li class=\"link\">\n          <a href=\"https:\/\/ski.fi\/bikeparkfinland\/info\/sopimusehdot\/bikepark-koulujen-sopimusehdot\/\">\n            Bikepark-koulujen sopimusehdot            <svg class=\"arrow-long\" fill=\"none\" height=\"11\" viewBox=\"0 0 14 11\" width=\"14\" xmlns=\"http:\/\/www.w3.org\/2000\/svg\"><path d=\"m.4 4.46487h10.776l-2.76-3.840004h1.872l3.336 4.704004-3.336 4.70403h-1.872l2.76-3.84003h-10.776z\" fill=\"currentColor\"\/><\/svg>          <\/a>\n        <\/li>\n          <\/ul>\n\n  <\/div>\n<\/section>\n","protected":false},"excerpt":{"rendered":"","protected":false},"author":1,"featured_media":0,"parent":2,"menu_order":0,"comment_status":"closed","ping_status":"closed","template":"","meta":{"_acf_changed":false,"_relevanssi_hide_post":"","_relevanssi_hide_content":"","_relevanssi_pin_for_all":"","_relevanssi_pin_keywords":"","_relevanssi_unpin_keywords":"","_relevanssi_related_keywords":"","_relevanssi_related_include_ids":"","_relevanssi_related_exclude_ids":"","_relevanssi_related_no_append":"","_relevanssi_related_not_related":"","_relevanssi_related_posts":"548,560,569,511,523,540","_relevanssi_noindex_reason":"","footnotes":""},"class_list":["post-153","page","type-page","status-publish","hentry"],"acf":[],"yoast_head":"<title>Sopimusehdot - Bikepark Finland<\/title>\n<meta name=\"robots\" content=\"index, follow, max-snippet:-1, max-image-preview:large, max-video-preview:-1\" \/>\n<link rel=\"canonical\" href=\"https:\/\/ski.fi\/bikeparkfinland\/info\/sopimusehdot\/\" \/>\n<meta property=\"og:locale\" content=\"fi_FI\" \/>\n<meta property=\"og:type\" content=\"article\" \/>\n<meta property=\"og:title\" content=\"Sopimusehdot - Bikepark Finland\" \/>\n<meta property=\"og:url\" content=\"https:\/\/ski.fi\/bikeparkfinland\/info\/sopimusehdot\/\" \/>\n<meta property=\"og:site_name\" content=\"Bikepark Finland\" \/>\n<meta property=\"article:modified_time\" content=\"2025-12-02T08:50:23+00:00\" \/>\n<meta property=\"og:image\" content=\"https:\/\/ski.fi\/media\/sites\/3\/fallback.png\" \/>\n\t<meta property=\"og:image:width\" content=\"1200\" \/>\n\t<meta property=\"og:image:height\" content=\"630\" \/>\n\t<meta property=\"og:image:type\" content=\"image\/png\" \/>\n<meta name=\"twitter:card\" content=\"summary_large_image\" \/>\n<meta name=\"twitter:label1\" content=\"Arvioitu lukuaika\" \/>\n\t<meta name=\"twitter:data1\" content=\"1 minuutti\" \/>\n<script type=\"application\/ld+json\" class=\"yoast-schema-graph\">{\"@context\":\"https:\\\/\\\/schema.org\",\"@graph\":[{\"@type\":\"WebPage\",\"@id\":\"https:\\\/\\\/ski.fi\\\/bikeparkfinland\\\/info\\\/sopimusehdot\\\/\",\"url\":\"https:\\\/\\\/ski.fi\\\/bikeparkfinland\\\/info\\\/sopimusehdot\\\/\",\"name\":\"Sopimusehdot - Bikepark Finland\",\"isPartOf\":{\"@id\":\"https:\\\/\\\/ski.fi\\\/bikeparkfinland\\\/#website\"},\"datePublished\":\"2025-09-30T07:20:09+00:00\",\"dateModified\":\"2025-12-02T08:50:23+00:00\",\"breadcrumb\":{\"@id\":\"https:\\\/\\\/ski.fi\\\/bikeparkfinland\\\/info\\\/sopimusehdot\\\/#breadcrumb\"},\"inLanguage\":\"fi\",\"potentialAction\":[{\"@type\":\"ReadAction\",\"target\":[\"https:\\\/\\\/ski.fi\\\/bikeparkfinland\\\/info\\\/sopimusehdot\\\/\"]}]},{\"@type\":\"BreadcrumbList\",\"@id\":\"https:\\\/\\\/ski.fi\\\/bikeparkfinland\\\/info\\\/sopimusehdot\\\/#breadcrumb\",\"itemListElement\":[{\"@type\":\"ListItem\",\"position\":1,\"name\":\"Etusivu\",\"item\":\"https:\\\/\\\/ski.fi\\\/bikeparkfinland\\\/\"},{\"@type\":\"ListItem\",\"position\":2,\"name\":\"Info\",\"item\":\"https:\\\/\\\/ski.fi\\\/bikeparkfinland\\\/info\\\/\"},{\"@type\":\"ListItem\",\"position\":3,\"name\":\"Sopimusehdot\"}]},{\"@type\":\"WebSite\",\"@id\":\"https:\\\/\\\/ski.fi\\\/bikeparkfinland\\\/#website\",\"url\":\"https:\\\/\\\/ski.fi\\\/bikeparkfinland\\\/\",\"name\":\"Bikepark Finland\",\"description\":\"\",\"potentialAction\":[{\"@type\":\"SearchAction\",\"target\":{\"@type\":\"EntryPoint\",\"urlTemplate\":\"https:\\\/\\\/ski.fi\\\/bikeparkfinland\\\/?s={search_term_string}\"},\"query-input\":{\"@type\":\"PropertyValueSpecification\",\"valueRequired\":true,\"valueName\":\"search_term_string\"}}],\"inLanguage\":\"fi\"}]}<\/script>","yoast_head_json":{"title":"Sopimusehdot - Bikepark Finland","robots":{"index":"index","follow":"follow","max-snippet":"max-snippet:-1","max-image-preview":"max-image-preview:large","max-video-preview":"max-video-preview:-1"},"canonical":"https:\/\/ski.fi\/bikeparkfinland\/info\/sopimusehdot\/","og_locale":"fi_FI","og_type":"article","og_title":"Sopimusehdot - Bikepark Finland","og_url":"https:\/\/ski.fi\/bikeparkfinland\/info\/sopimusehdot\/","og_site_name":"Bikepark Finland","article_modified_time":"2025-12-02T08:50:23+00:00","og_image":[{"width":1200,"height":630,"url":"https:\/\/ski.fi\/media\/sites\/3\/fallback.png","type":"image\/png"}],"twitter_card":"summary_large_image","twitter_misc":{"Arvioitu lukuaika":"1 minuutti"},"schema":{"@context":"https:\/\/schema.org","@graph":[{"@type":"WebPage","@id":"https:\/\/ski.fi\/bikeparkfinland\/info\/sopimusehdot\/","url":"https:\/\/ski.fi\/bikeparkfinland\/info\/sopimusehdot\/","name":"Sopimusehdot - Bikepark Finland","isPartOf":{"@id":"https:\/\/ski.fi\/bikeparkfinland\/#website"},"datePublished":"2025-09-30T07:20:09+00:00","dateModified":"2025-12-02T08:50:23+00:00","breadcrumb":{"@id":"https:\/\/ski.fi\/bikeparkfinland\/info\/sopimusehdot\/#breadcrumb"},"inLanguage":"fi","potentialAction":[{"@type":"ReadAction","target":["https:\/\/ski.fi\/bikeparkfinland\/info\/sopimusehdot\/"]}]},{"@type":"BreadcrumbList","@id":"https:\/\/ski.fi\/bikeparkfinland\/info\/sopimusehdot\/#breadcrumb","itemListElement":[{"@type":"ListItem","position":1,"name":"Etusivu","item":"https:\/\/ski.fi\/bikeparkfinland\/"},{"@type":"ListItem","position":2,"name":"Info","item":"https:\/\/ski.fi\/bikeparkfinland\/info\/"},{"@type":"ListItem","position":3,"name":"Sopimusehdot"}]},{"@type":"WebSite","@id":"https:\/\/ski.fi\/bikeparkfinland\/#website","url":"https:\/\/ski.fi\/bikeparkfinland\/","name":"Bikepark Finland","description":"","potentialAction":[{"@type":"SearchAction","target":{"@type":"EntryPoint","urlTemplate":"https:\/\/ski.fi\/bikeparkfinland\/?s={search_term_string}"},"query-input":{"@type":"PropertyValueSpecification","valueRequired":true,"valueName":"search_term_string"}}],"inLanguage":"fi"}]}},"lang":"fi","translations":{"fi":153},"pll_sync_post":{"fi":true},"_links":{"self":[{"href":"https:\/\/ski.fi\/bikeparkfinland\/wp-json\/wp\/v2\/pages\/153","targetHints":{"allow":["GET"]}}],"collection":[{"href":"https:\/\/ski.fi\/bikeparkfinland\/wp-json\/wp\/v2\/pages"}],"about":[{"href":"https:\/\/ski.fi\/bikeparkfinland\/wp-json\/wp\/v2\/types\/page"}],"author":[{"embeddable":true,"href":"https:\/\/ski.fi\/bikeparkfinland\/wp-json\/wp\/v2\/users\/1"}],"replies":[{"embeddable":true,"href":"https:\/\/ski.fi\/bikeparkfinland\/wp-json\/wp\/v2\/comments?post=153"}],"version-history":[{"count":4,"href":"https:\/\/ski.fi\/bikeparkfinland\/wp-json\/wp\/v2\/pages\/153\/revisions"}],"predecessor-version":[{"id":1535,"href":"https:\/\/ski.fi\/bikeparkfinland\/wp-json\/wp\/v2\/pages\/153\/revisions\/1535"}],"up":[{"embeddable":true,"href":"https:\/\/ski.fi\/bikeparkfinland\/wp-json\/wp\/v2\/pages\/2"}],"wp:attachment":[{"href":"https:\/\/ski.fi\/bikeparkfinland\/wp-json\/wp\/v2\/media?parent=153"}],"curies":[{"name":"wp","href":"https:\/\/api.w.org\/{rel}","templated":true}]}}