{"id":161,"date":"2025-09-30T10:43:33","date_gmt":"2025-09-30T07:43:33","guid":{"rendered":"https:\/\/ski.fi\/bikeparkfinland\/?page_id=161"},"modified":"2025-09-30T11:04:50","modified_gmt":"2025-09-30T08:04:50","slug":"bikepark-koulujen-sopimusehdot","status":"publish","type":"page","link":"https:\/\/ski.fi\/bikeparkfinland\/info\/sopimusehdot\/bikepark-koulujen-sopimusehdot\/","title":{"rendered":"Bikepark-koulujen sopimusehdot"},"content":{"rendered":"\n<section class=\"block block-hero-subpage has-image\">\n  <div class=\"container\">\n\n    <div class=\"wrapper-content\">\n              <h1 class=\"heading\">\n          Bikepark-koulujen sopimusehdot        <\/h1>\n      \n      \n              <div class=\"wrapper-content-text\">\n          <p>Suomen hiihtokeskusyhdistys ry (j\u00e4lj. SHKY) ja kuluttaja-asiamies ovat neuvotelleet seuraavat kuluttaja-asiamiehen 18.10.2019 hyv\u00e4ksym\u00e4t bikerpark-koulujen palveluita koskevat sopimusehdot.<\/p>\n        <\/div>\n      \n      \n          <\/div>\n\n          <div class=\"image image-background\">\n            <img decoding=\"async\" loading=\"lazy\"\n      alt=\"\"\n      src=\"https:\/\/ski.fi\/media\/sites\/3\/fallback.png\"\n              srcset=\"https:\/\/ski.fi\/media\/sites\/3\/fallback-300x158.png 300w, https:\/\/ski.fi\/media\/sites\/3\/fallback-1024x538.png 1024w, https:\/\/ski.fi\/media\/sites\/3\/fallback-768x403.png 768w, https:\/\/ski.fi\/media\/sites\/3\/fallback.png 1200w\"\n        sizes=\"auto, (max-width: 768px) 100vw, (max-width: 1200px) 50vw, 100vw\"\n                    width=\"1200\"\n        height=\"630\"\n                      \/>\n    \n              <\/div>\n\n    \n  <\/div>\n<\/section>\n\n\n\n<section class=\"block block-one-col-text\">\n  <div class=\"container\">\n\n    <div class=\"wrapper-content\">\n          <h2 class=\"heading\">\n        Bikepark-koulujen palveluita koskevat yleiset sopimusehdot EU-kansalaisille      <\/h2>\n    \n          <div class=\"content\">\n        <p><strong>1. SOPIMUSEHTOJEN SOVELTAMINEN<\/strong><\/p>\n<p>1.1 N\u00e4m\u00e4 sopimusehdot koskevat Suomen Hiihtokeskusyhdistykseen kuuluvien j\u00e4senyritysten ja -yhteis\u00f6jen palveluita k\u00e4ytt\u00e4vi\u00e4 kuluttajia ja bikepark-koulupalveluita tuottavia bikepark-kouluja sek\u00e4 niiden henkil\u00f6kuntaa. Toimitusehdot koskevat eri lajien opetusta, kuten bikepark-, maastopy\u00f6r\u00e4- ja fatbike-opetusta.<\/p>\n<p><strong>2. YLEISET M\u00c4\u00c4R\u00c4YKSET<\/strong><\/p>\n<p>2.1 Bikepark-koulu vastaa siit\u00e4, ett\u00e4 sen ohjaajat ovat asiallisesti koulutettuja ja ett\u00e4 heill\u00e4 on riitt\u00e4v\u00e4t taidot opetuksen toteuttamiseksi.<\/p>\n<p>2.2 Kuluttajalla on oikeus etuk\u00e4teen saada tietoonsa opetuksen sis\u00e4lt\u00f6 ja varustevaatimukset.<\/p>\n<p>2.3 Kuluttaja vastaa omien v\u00e4lineidens\u00e4 kunnosta ja soveltuvuudesta osallistuessaan Bikepark-koulun tunnille tai kurssille.<\/p>\n<p>2.4 Bikepark-koululla on kuitenkin oikeus peruuttaa tunti, mik\u00e4li sen henkil\u00f6kunta toteaa, etteiv\u00e4t kuluttajan v\u00e4lineet ole esimerkiksi kuntonsa puolesta sellaiset, ett\u00e4 tunti voidaan niill\u00e4 turvallisesti vied\u00e4 l\u00e4pi.<\/p>\n<p>2.5 Kuluttaja osallistuu opetukseen omalla vastuulla. Bikepark-koululla ja sen ohjaajilla on oltava vastuuvakuutus, joka korvaa ohjaajan ty\u00f6ss\u00e4\u00e4n virheell\u00e4\u00e4n tai laiminly\u00f6nnill\u00e4\u00e4n todisteellisesti ja tuottamuksellisesti aiheuttaman vahingon kuluttajalle.<\/p>\n<p>2.6 Bikepark-koululla ei ole velvollisuutta ottaa kuluttajalle vakuutusta, joka korvaa py\u00f6r\u00e4ilij\u00e4n itselleen aiheuttaman vahingon.<\/p>\n<p>2.7 Bikepark-opetuksesta voidaan sopia suullisesti, kirjallisesti tai s\u00e4hk\u00f6isess\u00e4 muodossa. Erityisist\u00e4, erikseen r\u00e4\u00e4t\u00e4l\u00f6idyist\u00e4 kursseista tehd\u00e4\u00e4n tarvittaessa kirjallinen sopimus, josta ilmenee:<\/p>\n<p style=\"padding-left: 40px;\">2.7.1 Kurssin j\u00e4rjest\u00e4v\u00e4n bikepark-koulun nimi, yritystunnus sek\u00e4 osoitetiedot.<\/p>\n<p style=\"padding-left: 40px;\">2.7.2 Kurssille osallistuvan nimi, ik\u00e4 ja osoite.<\/p>\n<p style=\"padding-left: 40px;\">2.7.3 Kurssin laajuus, kesto sek\u00e4 kurssimaksu.<\/p>\n<p style=\"padding-left: 40px;\">2.7.4 Ryhm\u00e4n ollessa kysymyksess\u00e4, ryhm\u00e4lle on mahdollista tehd\u00e4 ryhm\u00e4sopimus. Sopimuksen allekirjoittaa ryhm\u00e4n puolesta ryhm\u00e4nvet\u00e4j\u00e4.<\/p>\n<p>2.8 Kurssimaksu suoritetaan viimeist\u00e4\u00e4n ilmoittautumisen yhteydess\u00e4. Bikepark-koululla on oikeus peri\u00e4 varausmaksu useita p\u00e4ivi\u00e4 kest\u00e4vist\u00e4 kursseista. Varausmaksu otetaan huomioon kurssin lopullisessa hinnassa t\u00e4ysim\u00e4\u00e4r\u00e4isen\u00e4.<\/p>\n<p><strong>3. PERUUTUKSET JA KESKEYTYKSET<\/strong><\/p>\n<p>3.1 Kuluttajan vastuulla on olla sovittuna ajankohtana sovitussa opetuksen aloituspaikassa varusteet valmiina.<\/p>\n<p>3.2 Jos kuluttaja peruuttaa osallistumisensa kurssille viimeist\u00e4\u00e4n nelj\u00e4toista (14) vuorokautta ennen kurssin alkua, on kuluttaja oikeutettu saamaan ennakkoon maksamansa varausmaksun kokonaisuudessaan takaisin.<\/p>\n<p>3.3 Jos kuluttaja peruuttaa osallistumisensa kurssille v\u00e4hemm\u00e4n kuin nelj\u00e4toista (14) vuorokautta, mutta kuitenkin viimeist\u00e4\u00e4n kaksikymment\u00e4nelj\u00e4 (24) tuntia ennen kurssin alkua, Bikepark-koululla on oikeus pid\u00e4tt\u00e4\u00e4 puolet ennakkoon maksetusta varausmaksusta.<\/p>\n<p>3.4 Jos kuluttaja peruuttaa osallistumisensa kurssille v\u00e4hemm\u00e4n kuin kaksikymment\u00e4nelj\u00e4 (24) tuntia ennen kurssin alkua tai ei saavu ajallaan sovittuun opetuksen aloituspaikkaan, eik\u00e4 poisj\u00e4\u00e4nti johdu kuluttajan sairastumisesta, bikepark-koululla ei ole velvollisuutta palauttaa ennakkoon maksettua varausmaksua. T\u00e4m\u00e4n lis\u00e4ksi bikepark-koululla on oikeus peri\u00e4 sovittu kurssimaksu kokonaisuudessaan mahdollinen varausmaksu v\u00e4hennettyn\u00e4.<\/p>\n<p>3.5 Jos bikepark-koulu peruuttaa kurssin, koska ennakkoon ilmoitettu v\u00e4himm\u00e4ism\u00e4\u00e4r\u00e4 oppilaita ei t\u00e4yty tai jos kurssille varattu ohjaaja sairastuu \u00e4killisesti eik\u00e4 h\u00e4nelle ole voitu j\u00e4rjest\u00e4\u00e4 sijaista, on bikepark-koulu velvollinen palauttamaan kuluttajan maksaman varausmaksun\/kurssimaksun tai korvaamaan kurssin uudella vastaavalla kurssilla, jos osapuolet niin sopivat.<\/p>\n<p>3.6 Mik\u00e4li kurssi peruuntuu tai keskeytyy kuluttajan sairastumisen vuoksi, koko kurssi tai sen j\u00e4ljell\u00e4 oleva osuus voidaan korvata vastaavalla kurssilla tai sen osalla, jos osapuolet niin sopivat. Mik\u00e4li korvaavaa kurssia tai sen osaa ei kyet\u00e4 j\u00e4rjest\u00e4m\u00e4\u00e4n, on kuluttajalla oikeus saada etuk\u00e4teen maksetusta kurssimaksusta korvauksena yksi kolmasosa (1\/3) suorittamatta j\u00e4\u00e4neen kurssiosuuden arvosta.<\/p>\n<p>3.7 Mik\u00e4li kuluttajan sairastuminen ennen kurssin alkua aiheuttaa kurssin oppilaiden v\u00e4himm\u00e4ism\u00e4\u00e4r\u00e4n alituksen ja kurssipaikka saadaan myyty\u00e4 uudelleen ennen kurssin alkua, on kuluttaja oikeutettu saamaan etuk\u00e4teen maksamansa varausmaksun takaisin v\u00e4hennettyn\u00e4 kurssipaikan uudelleen myynnin kuluilla. Sairastumisesta on pyydett\u00e4ess\u00e4 esitett\u00e4v\u00e4 l\u00e4\u00e4k\u00e4rintodistus tai muu luotettava selvitys.<\/p>\n<p>3.8 Jos kurssi peruuntuu tai keskeytyy bikepark-koulusta riippumattomista syist\u00e4 kuten s\u00e4hk\u00f6katkos, liian voimakas tuuli, liian kova sade, sumu tai muu edell\u00e4 mainittuihin syihin verrattava tilanne, joka ei kurssin alkamishetkell\u00e4 tai sen kest\u00e4ess\u00e4 ollut tiedossa, bikepark-koulu\u00a0 pyrkii korvaamaan kurssin vastaavalla opetuksellisella sis\u00e4ll\u00f6ll\u00e4. Mik\u00e4li korvaavaa kurssia tai sen osaa ei kyet\u00e4 j\u00e4rjest\u00e4m\u00e4\u00e4n kuluttajalle sopivalla tavalla, kuluttajalla on oikeus hyvitykseen.<\/p>\n<p><strong>4. VAATIMUSTEN ESITT\u00c4MINEN<\/strong><\/p>\n<p>4.1 Bikepark-koulun palveluihin liittyv\u00e4t vaatimukset on esitett\u00e4v\u00e4 suoraan bikepark-koululle suullisesti tai kirjallisesti v\u00e4litt\u00f6m\u00e4sti, tai kohtuullisen ajan kuluessa sen j\u00e4lkeen, kun kuluttaja on virheen havainnut tai h\u00e4nen olisi pit\u00e4nyt se havaita.<\/p>\n<p><strong>5. BIKEPARK-PALVELUJA KOSKEVAT TOIMITUSEHDOT<\/strong><\/p>\n<p>5.1 Bikepark-ohjauksen olosuhteissa sovelletaan my\u00f6s bikepark-palveluja koskevia toimitusehtoja, joita kuluttaja on velvollinen noudattamaan.<\/p>\n<p><strong>6. SOVELLETTAVA LAKI<\/strong><\/p>\n<p>N\u00e4ihin sopimusehtoihin sovelletaan palvelun suorituspaikan lakia, eli Suomen lakia.<\/p>\n<p><strong>7. ERIMIELISYYDET<\/strong><\/p>\n<p>7.1 Erimielisyydet pyrit\u00e4\u00e4n ratkaisemaan ensisijaisesti kuluttajan ja bikepark-koulun v\u00e4lisill\u00e4 neuvotteluilla. Jos osapuolet eiv\u00e4t p\u00e4\u00e4se yhteisymm\u00e4rrykseen korvausasiassa, voi kuluttaja saattaa asian kuluttajariitalautakunnan (www.kuluttajariita.fi) ratkaistavaksi tai nostaa kanteen kotipaikkansa k\u00e4r\u00e4j\u00e4oikeudessa. Ennen asian viemist\u00e4 kuluttajariitalautakunnan k\u00e4sittelyyn kuluttajan tulee olla yhteydess\u00e4 Kilpailu- ja kuluttajaviraston kuluttajaneuvontaan (www.kuluttajaneuvonta.fi). Bikepark-koulu nostaessa kanteen tulee se tehd\u00e4 EU:n alueella asuvan kuluttajan kotipaikan alioikeudessa.<\/p>\n<p>Riitatilanteissa sovelletaan alkuper\u00e4iskielisi\u00e4 sopimusehtoja.<\/p>\n      <\/div>\n        <\/div>\n\n    \n  <\/div>\n<\/section>\n\n\n\n<section class=\"block block-one-col-text\">\n  <div class=\"container\">\n\n    <div class=\"wrapper-content\">\n          <h2 class=\"heading\">\n        Bikepark-koulujen palveluita koskevat yleiset sopimusehdot EU:n ulkopuolisten maiden kansalaisille      <\/h2>\n    \n          <div class=\"content\">\n        <p><strong>1. SOPIMUSEHTOJEN SOVELTAMINEN<\/strong><\/p>\n<p>1.1 N\u00e4m\u00e4 sopimusehdot koskevat Suomen Hiihtokeskusyhdistykseen kuuluvien j\u00e4senyritysten ja -yhteis\u00f6jen palveluita k\u00e4ytt\u00e4vi\u00e4 kuluttajia ja bikepark-koulupalveluita tuottavia bikepark-kouluja sek\u00e4 niiden henkil\u00f6kuntaa. Toimitusehdot koskevat eri lajien opetusta, kuten bikepark-, maastopy\u00f6r\u00e4- ja fatbike-opetusta.<\/p>\n<p><strong>2. YLEISET M\u00c4\u00c4R\u00c4YKSET<\/strong><\/p>\n<p>2.1 Bikepark-koulu vastaa siit\u00e4, ett\u00e4 sen ohjaajat ovat asiallisesti koulutettuja ja ett\u00e4 heill\u00e4 on riitt\u00e4v\u00e4t taidot opetuksen toteuttamiseksi.<\/p>\n<p>2.2 Kuluttajalla on oikeus etuk\u00e4teen saada tietoonsa opetuksen sis\u00e4lt\u00f6 ja varustevaatimukset.<\/p>\n<p>2.3 Kuluttaja vastaa omien v\u00e4lineidens\u00e4 kunnosta ja soveltuvuudesta osallistuessaan Bikepark-koulun tunnille tai kurssille.<\/p>\n<p>2.4 Bikepark-koululla on kuitenkin oikeus peruuttaa tunti, mik\u00e4li sen henkil\u00f6kunta toteaa, etteiv\u00e4t kuluttajan v\u00e4lineet ole esimerkiksi kuntonsa puolesta sellaiset, ett\u00e4 tunti voidaan niill\u00e4 turvallisesti vied\u00e4 l\u00e4pi.<\/p>\n<p>2.5 Kuluttaja osallistuu opetukseen omalla vastuulla. Bikepark-koululla ja sen ohjaajilla on oltava vastuuvakuutus, joka korvaa ohjaajan ty\u00f6ss\u00e4\u00e4n virheell\u00e4\u00e4n tai laiminly\u00f6nnill\u00e4\u00e4n todisteellisesti ja tuottamuksellisesti aiheuttaman vahingon kuluttajalle.<\/p>\n<p>2.6 Bikepark-koululla ei ole velvollisuutta ottaa kuluttajalle vakuutusta, joka korvaa py\u00f6r\u00e4ilij\u00e4n itselleen aiheuttaman vahingon.<\/p>\n<p>2.7 Bikepark-opetuksesta voidaan sopia suullisesti, kirjallisesti tai s\u00e4hk\u00f6isess\u00e4 muodossa. Erityisist\u00e4, erikseen r\u00e4\u00e4t\u00e4l\u00f6idyist\u00e4 kursseista tehd\u00e4\u00e4n tarvittaessa kirjallinen sopimus, josta ilmenee:<\/p>\n<p style=\"padding-left: 40px;\">2.7.1 Kurssin j\u00e4rjest\u00e4v\u00e4n bikepark-koulun nimi, yritystunnus sek\u00e4 osoitetiedot.<\/p>\n<p style=\"padding-left: 40px;\">2.7.2 Kurssille osallistuvan nimi, ik\u00e4 ja osoite.<\/p>\n<p style=\"padding-left: 40px;\">2.7.3 Kurssin laajuus, kesto sek\u00e4 kurssimaksu.<\/p>\n<p style=\"padding-left: 40px;\">2.7.4 Ryhm\u00e4n ollessa kysymyksess\u00e4, ryhm\u00e4lle on mahdollista tehd\u00e4 ryhm\u00e4sopimus. Sopimuksen allekirjoittaa ryhm\u00e4n puolesta ryhm\u00e4nvet\u00e4j\u00e4.<\/p>\n<p>2.8 Kurssimaksu suoritetaan viimeist\u00e4\u00e4n ilmoittautumisen yhteydess\u00e4. Bikepark-koululla on oikeus peri\u00e4 varausmaksu useita p\u00e4ivi\u00e4 kest\u00e4vist\u00e4 kursseista. Varausmaksu otetaan huomioon kurssin lopullisessa hinnassa t\u00e4ysim\u00e4\u00e4r\u00e4isen\u00e4.<\/p>\n<p><strong>3. PERUUTUKSET JA KESKEYTYKSET<\/strong><\/p>\n<p>3.1 Kuluttajan vastuulla on olla sovittuna ajankohtana sovitussa opetuksen aloituspaikassa varusteet valmiina.<\/p>\n<p>3.2 Jos kuluttaja peruuttaa osallistumisensa kurssille viimeist\u00e4\u00e4n nelj\u00e4toista (14) vuorokautta ennen kurssin alkua, on kuluttaja oikeutettu saamaan ennakkoon maksamansa varausmaksun kokonaisuudessaan takaisin.<\/p>\n<p>3.3 Jos kuluttaja peruuttaa osallistumisensa kurssille v\u00e4hemm\u00e4n kuin nelj\u00e4toista (14) vuorokautta, mutta kuitenkin viimeist\u00e4\u00e4n kaksikymment\u00e4nelj\u00e4 (24) tuntia ennen kurssin alkua, Bikepark-koululla on oikeus pid\u00e4tt\u00e4\u00e4 puolet ennakkoon maksetusta varausmaksusta.<\/p>\n<p>3.4 Jos kuluttaja peruuttaa osallistumisensa kurssille v\u00e4hemm\u00e4n kuin kaksikymment\u00e4nelj\u00e4 (24) tuntia ennen kurssin alkua tai ei saavu ajallaan sovittuun opetuksen aloituspaikkaan, eik\u00e4 poisj\u00e4\u00e4nti johdu kuluttajan sairastumisesta, bikepark-koululla ei ole velvollisuutta palauttaa ennakkoon maksettua varausmaksua. T\u00e4m\u00e4n lis\u00e4ksi bikepark-koululla on oikeus peri\u00e4 sovittu kurssimaksu kokonaisuudessaan mahdollinen varausmaksu v\u00e4hennettyn\u00e4.<\/p>\n<p>3.5 Jos bikepark-koulu peruuttaa kurssin, koska ennakkoon ilmoitettu v\u00e4himm\u00e4ism\u00e4\u00e4r\u00e4 oppilaita ei t\u00e4yty tai jos kurssille varattu ohjaaja sairastuu \u00e4killisesti eik\u00e4 h\u00e4nelle ole voitu j\u00e4rjest\u00e4\u00e4 sijaista, on bikepark-koulu velvollinen palauttamaan kuluttajan maksaman varausmaksun\/kurssimaksun tai korvaamaan kurssin uudella vastaavalla kurssilla, jos osapuolet niin sopivat.<\/p>\n<p>3.6 Mik\u00e4li kurssi peruuntuu tai keskeytyy kuluttajan sairastumisen vuoksi, koko kurssi tai sen j\u00e4ljell\u00e4 oleva osuus voidaan korvata vastaavalla kurssilla tai sen osalla, jos osapuolet niin sopivat. Mik\u00e4li korvaavaa kurssia tai sen osaa ei kyet\u00e4 j\u00e4rjest\u00e4m\u00e4\u00e4n, on kuluttajalla oikeus saada etuk\u00e4teen maksetusta kurssimaksusta korvauksena yksi kolmasosa (1\/3) suorittamatta j\u00e4\u00e4neen kurssiosuuden arvosta.<\/p>\n<p>3.7 Mik\u00e4li kuluttajan sairastuminen ennen kurssin alkua aiheuttaa kurssin oppilaiden v\u00e4himm\u00e4ism\u00e4\u00e4r\u00e4n alituksen ja kurssipaikka saadaan myyty\u00e4 uudelleen ennen kurssin alkua, on kuluttaja oikeutettu saamaan etuk\u00e4teen maksamansa varausmaksun takaisin v\u00e4hennettyn\u00e4 kurssipaikan uudelleen myynnin kuluilla. Sairastumisesta on pyydett\u00e4ess\u00e4 esitett\u00e4v\u00e4 l\u00e4\u00e4k\u00e4rintodistus tai muu luotettava selvitys.<\/p>\n<p>3.8 Jos kurssi peruuntuu tai keskeytyy bikepark-koulusta riippumattomista syist\u00e4 kuten s\u00e4hk\u00f6katkos, liian voimakas tuuli, liian kova sade, sumu tai muu edell\u00e4 mainittuihin syihin verrattava tilanne, joka ei kurssin alkamishetkell\u00e4 tai sen kest\u00e4ess\u00e4 ollut tiedossa, bikepark-koulu\u00a0 pyrkii korvaamaan kurssin vastaavalla opetuksellisella sis\u00e4ll\u00f6ll\u00e4. Mik\u00e4li korvaavaa kurssia tai sen osaa ei kyet\u00e4 j\u00e4rjest\u00e4m\u00e4\u00e4n kuluttajalle sopivalla tavalla, kuluttajalla on oikeus hyvitykseen.<\/p>\n<p><strong>4. VAATIMUSTEN ESITT\u00c4MINEN<\/strong><\/p>\n<p>4.1 Bikepark-koulun palveluihin liittyv\u00e4t vaatimukset on esitett\u00e4v\u00e4 suoraan bikepark-koululle suullisesti tai kirjallisesti v\u00e4litt\u00f6m\u00e4sti, tai kohtuullisen ajan kuluessa sen j\u00e4lkeen, kun kuluttaja on virheen havainnut tai h\u00e4nen olisi pit\u00e4nyt se havaita.<\/p>\n<p><strong>5. BIKEPARK-PALVELUJA KOSKEVAT TOIMITUSEHDOT<\/strong><\/p>\n<p>5.1 Bikepark-ohjauksen olosuhteissa sovelletaan my\u00f6s bikepark-palveluja koskevia toimitusehtoja, joita kuluttaja on velvollinen noudattamaan.<\/p>\n<p><strong>6. SOVELLETTAVA LAKI<\/strong><\/p>\n<p>N\u00e4ihin sopimusehtoihin sovelletaan palvelun suorituspaikan lakia, eli Suomen lakia.<\/p>\n<p><strong>7. ERIMIELISYYDET<\/strong><\/p>\n<p>7.1 Erimielisyydet pyrit\u00e4\u00e4n ratkaisemaan ensisijaisesti kuluttajan ja bikepark-koulun v\u00e4lisill\u00e4 neuvotteluilla.<\/p>\n<p><em>Muualla kuin EU-alueella asuvan kuluttajan ja hiihtokeskuksen v\u00e4liset erimielisyydet tulee ratkaista palvelun tarjoajan kotipaikan k\u00e4r\u00e4j\u00e4oikeudessa.<\/em><\/p>\n<p>Riitatilanteissa sovelletaan alkuper\u00e4iskielisi\u00e4 sopimusehtoja.<\/p>\n      <\/div>\n        <\/div>\n\n    \n  <\/div>\n<\/section>\n","protected":false},"excerpt":{"rendered":"","protected":false},"author":1,"featured_media":0,"parent":153,"menu_order":0,"comment_status":"closed","ping_status":"closed","template":"","meta":{"_acf_changed":false,"_relevanssi_hide_post":"","_relevanssi_hide_content":"","_relevanssi_pin_for_all":"","_relevanssi_pin_keywords":"","_relevanssi_unpin_keywords":"","_relevanssi_related_keywords":"","_relevanssi_related_include_ids":"","_relevanssi_related_exclude_ids":"","_relevanssi_related_no_append":"","_relevanssi_related_not_related":"","_relevanssi_related_posts":"114,116,32","_relevanssi_noindex_reason":"","footnotes":""},"class_list":["post-161","page","type-page","status-publish","hentry"],"acf":[],"yoast_head":"<title>Bikepark-koulujen sopimusehdot - Bikepark Finland<\/title>\n<meta name=\"robots\" content=\"index, follow, max-snippet:-1, max-image-preview:large, max-video-preview:-1\" \/>\n<link rel=\"canonical\" href=\"https:\/\/ski.fi\/bikeparkfinland\/info\/sopimusehdot\/bikepark-koulujen-sopimusehdot\/\" \/>\n<meta property=\"og:locale\" content=\"fi_FI\" \/>\n<meta property=\"og:type\" content=\"article\" \/>\n<meta property=\"og:title\" content=\"Bikepark-koulujen sopimusehdot - Bikepark Finland\" \/>\n<meta property=\"og:url\" content=\"https:\/\/ski.fi\/bikeparkfinland\/info\/sopimusehdot\/bikepark-koulujen-sopimusehdot\/\" \/>\n<meta property=\"og:site_name\" content=\"Bikepark Finland\" \/>\n<meta property=\"article:modified_time\" content=\"2025-09-30T08:04:50+00:00\" \/>\n<meta property=\"og:image\" content=\"https:\/\/ski.fi\/media\/sites\/3\/fallback.png\" \/>\n\t<meta property=\"og:image:width\" content=\"1200\" \/>\n\t<meta property=\"og:image:height\" content=\"630\" \/>\n\t<meta property=\"og:image:type\" content=\"image\/png\" \/>\n<meta name=\"twitter:card\" content=\"summary_large_image\" \/>\n<script type=\"application\/ld+json\" class=\"yoast-schema-graph\">{\"@context\":\"https:\/\/schema.org\",\"@graph\":[{\"@type\":\"WebPage\",\"@id\":\"https:\/\/ski.fi\/bikeparkfinland\/info\/sopimusehdot\/bikepark-koulujen-sopimusehdot\/\",\"url\":\"https:\/\/ski.fi\/bikeparkfinland\/info\/sopimusehdot\/bikepark-koulujen-sopimusehdot\/\",\"name\":\"Bikepark-koulujen sopimusehdot - Bikepark Finland\",\"isPartOf\":{\"@id\":\"https:\/\/ski.fi\/bikeparkfinland\/#website\"},\"datePublished\":\"2025-09-30T07:43:33+00:00\",\"dateModified\":\"2025-09-30T08:04:50+00:00\",\"breadcrumb\":{\"@id\":\"https:\/\/ski.fi\/bikeparkfinland\/info\/sopimusehdot\/bikepark-koulujen-sopimusehdot\/#breadcrumb\"},\"inLanguage\":\"fi\",\"potentialAction\":[{\"@type\":\"ReadAction\",\"target\":[\"https:\/\/ski.fi\/bikeparkfinland\/info\/sopimusehdot\/bikepark-koulujen-sopimusehdot\/\"]}]},{\"@type\":\"BreadcrumbList\",\"@id\":\"https:\/\/ski.fi\/bikeparkfinland\/info\/sopimusehdot\/bikepark-koulujen-sopimusehdot\/#breadcrumb\",\"itemListElement\":[{\"@type\":\"ListItem\",\"position\":1,\"name\":\"Etusivu\",\"item\":\"https:\/\/ski.fi\/bikeparkfinland\/\"},{\"@type\":\"ListItem\",\"position\":2,\"name\":\"Info\",\"item\":\"https:\/\/ski.fi\/bikeparkfinland\/info\/\"},{\"@type\":\"ListItem\",\"position\":3,\"name\":\"Sopimusehdot\",\"item\":\"https:\/\/ski.fi\/bikeparkfinland\/info\/sopimusehdot\/\"},{\"@type\":\"ListItem\",\"position\":4,\"name\":\"Bikepark-koulujen sopimusehdot\"}]},{\"@type\":\"WebSite\",\"@id\":\"https:\/\/ski.fi\/bikeparkfinland\/#website\",\"url\":\"https:\/\/ski.fi\/bikeparkfinland\/\",\"name\":\"Bikepark Finland\",\"description\":\"\",\"potentialAction\":[{\"@type\":\"SearchAction\",\"target\":{\"@type\":\"EntryPoint\",\"urlTemplate\":\"https:\/\/ski.fi\/bikeparkfinland\/?s={search_term_string}\"},\"query-input\":{\"@type\":\"PropertyValueSpecification\",\"valueRequired\":true,\"valueName\":\"search_term_string\"}}],\"inLanguage\":\"fi\"}]}<\/script>","yoast_head_json":{"title":"Bikepark-koulujen sopimusehdot - Bikepark Finland","robots":{"index":"index","follow":"follow","max-snippet":"max-snippet:-1","max-image-preview":"max-image-preview:large","max-video-preview":"max-video-preview:-1"},"canonical":"https:\/\/ski.fi\/bikeparkfinland\/info\/sopimusehdot\/bikepark-koulujen-sopimusehdot\/","og_locale":"fi_FI","og_type":"article","og_title":"Bikepark-koulujen sopimusehdot - Bikepark Finland","og_url":"https:\/\/ski.fi\/bikeparkfinland\/info\/sopimusehdot\/bikepark-koulujen-sopimusehdot\/","og_site_name":"Bikepark Finland","article_modified_time":"2025-09-30T08:04:50+00:00","og_image":[{"width":1200,"height":630,"url":"https:\/\/ski.fi\/media\/sites\/3\/fallback.png","type":"image\/png"}],"twitter_card":"summary_large_image","schema":{"@context":"https:\/\/schema.org","@graph":[{"@type":"WebPage","@id":"https:\/\/ski.fi\/bikeparkfinland\/info\/sopimusehdot\/bikepark-koulujen-sopimusehdot\/","url":"https:\/\/ski.fi\/bikeparkfinland\/info\/sopimusehdot\/bikepark-koulujen-sopimusehdot\/","name":"Bikepark-koulujen sopimusehdot - Bikepark Finland","isPartOf":{"@id":"https:\/\/ski.fi\/bikeparkfinland\/#website"},"datePublished":"2025-09-30T07:43:33+00:00","dateModified":"2025-09-30T08:04:50+00:00","breadcrumb":{"@id":"https:\/\/ski.fi\/bikeparkfinland\/info\/sopimusehdot\/bikepark-koulujen-sopimusehdot\/#breadcrumb"},"inLanguage":"fi","potentialAction":[{"@type":"ReadAction","target":["https:\/\/ski.fi\/bikeparkfinland\/info\/sopimusehdot\/bikepark-koulujen-sopimusehdot\/"]}]},{"@type":"BreadcrumbList","@id":"https:\/\/ski.fi\/bikeparkfinland\/info\/sopimusehdot\/bikepark-koulujen-sopimusehdot\/#breadcrumb","itemListElement":[{"@type":"ListItem","position":1,"name":"Etusivu","item":"https:\/\/ski.fi\/bikeparkfinland\/"},{"@type":"ListItem","position":2,"name":"Info","item":"https:\/\/ski.fi\/bikeparkfinland\/info\/"},{"@type":"ListItem","position":3,"name":"Sopimusehdot","item":"https:\/\/ski.fi\/bikeparkfinland\/info\/sopimusehdot\/"},{"@type":"ListItem","position":4,"name":"Bikepark-koulujen sopimusehdot"}]},{"@type":"WebSite","@id":"https:\/\/ski.fi\/bikeparkfinland\/#website","url":"https:\/\/ski.fi\/bikeparkfinland\/","name":"Bikepark Finland","description":"","potentialAction":[{"@type":"SearchAction","target":{"@type":"EntryPoint","urlTemplate":"https:\/\/ski.fi\/bikeparkfinland\/?s={search_term_string}"},"query-input":{"@type":"PropertyValueSpecification","valueRequired":true,"valueName":"search_term_string"}}],"inLanguage":"fi"}]}},"lang":"fi","translations":{"fi":161},"pll_sync_post":{"fi":true},"_links":{"self":[{"href":"https:\/\/ski.fi\/bikeparkfinland\/wp-json\/wp\/v2\/pages\/161","targetHints":{"allow":["GET"]}}],"collection":[{"href":"https:\/\/ski.fi\/bikeparkfinland\/wp-json\/wp\/v2\/pages"}],"about":[{"href":"https:\/\/ski.fi\/bikeparkfinland\/wp-json\/wp\/v2\/types\/page"}],"author":[{"embeddable":true,"href":"https:\/\/ski.fi\/bikeparkfinland\/wp-json\/wp\/v2\/users\/1"}],"replies":[{"embeddable":true,"href":"https:\/\/ski.fi\/bikeparkfinland\/wp-json\/wp\/v2\/comments?post=161"}],"version-history":[{"count":2,"href":"https:\/\/ski.fi\/bikeparkfinland\/wp-json\/wp\/v2\/pages\/161\/revisions"}],"predecessor-version":[{"id":1873,"href":"https:\/\/ski.fi\/bikeparkfinland\/wp-json\/wp\/v2\/pages\/161\/revisions\/1873"}],"up":[{"embeddable":true,"href":"https:\/\/ski.fi\/bikeparkfinland\/wp-json\/wp\/v2\/pages\/153"}],"wp:attachment":[{"href":"https:\/\/ski.fi\/bikeparkfinland\/wp-json\/wp\/v2\/media?parent=161"}],"curies":[{"name":"wp","href":"https:\/\/api.w.org\/{rel}","templated":true}]}}