{"id":1627,"date":"2025-12-04T15:01:09","date_gmt":"2025-12-04T13:01:09","guid":{"rendered":"https:\/\/ski.fi\/bikeparkfinland\/?page_id=1627"},"modified":"2025-12-07T10:57:30","modified_gmt":"2025-12-07T08:57:30","slug":"hissilippujarjestelmat","status":"publish","type":"page","link":"https:\/\/ski.fi\/bikeparkfinland\/hissilippujarjestelmat\/","title":{"rendered":"Hissilippuj\u00e4rjestelm\u00e4t"},"content":{"rendered":"\n<section class=\"block block-hero-subpage has-image\">\n  <div class=\"container\">\n\n    <div class=\"wrapper-content\">\n              <h1 class=\"heading\">\n          Hissilippuj\u00e4rjestelm\u00e4t bike parkeissa        <\/h1>\n      \n      \n              <div class=\"wrapper-content-text\">\n          <p>Bike parkeissa on k\u00e4yt\u00f6ss\u00e4 erilaisia hissilippuj\u00e4rjestelmi\u00e4, osa toimii et\u00e4luettavilla korteilla ja osa on perinteisi\u00e4 viivakoodilippuja. Katso alta lippuj\u00e4rjestelmien esittelyt sek\u00e4 hiihtokeskukset, joissa kyseinen j\u00e4rjestelm\u00e4 on k\u00e4yt\u00f6ss\u00e4.<\/p>\n        <\/div>\n      \n      \n          <\/div>\n\n          <div class=\"image image-background\">\n            <img decoding=\"async\" loading=\"lazy\"\n      alt=\"\"\n      src=\"https:\/\/ski.fi\/media\/sites\/3\/yllas_bike-park_hissi_1735.jpg\"\n              srcset=\"https:\/\/ski.fi\/media\/sites\/3\/yllas_bike-park_hissi_1735-300x200.jpg 300w, https:\/\/ski.fi\/media\/sites\/3\/yllas_bike-park_hissi_1735-1024x683.jpg 1024w, https:\/\/ski.fi\/media\/sites\/3\/yllas_bike-park_hissi_1735-768x512.jpg 768w, https:\/\/ski.fi\/media\/sites\/3\/yllas_bike-park_hissi_1735-1536x1024.jpg 1536w, https:\/\/ski.fi\/media\/sites\/3\/yllas_bike-park_hissi_1735-2048x1365.jpg 2048w\"\n        sizes=\"auto, (max-width: 768px) 100vw, (max-width: 1200px) 50vw, 100vw\"\n                    width=\"3840\"\n        height=\"2560\"\n                      \/>\n    \n              <\/div>\n\n    \n  <\/div>\n<\/section>\n\n\n\n<section class=\"block block-one-col-text\">\n  <div class=\"container\">\n\n    <div class=\"wrapper-content\">\n          <h2 class=\"heading\">\n        Axess      <\/h2>\n    \n          <div class=\"content\">\n        <p>Et\u00e4luettava \u00e4lykortti, jonka hissiportti lukee automaattisesti takin taskusta. Sek\u00e4 kertak\u00e4ytt\u00f6isi\u00e4 ett\u00e4 uudelleenladattavia kortteja. Kortit k\u00e4yv\u00e4t ristiin eri hiihtokeskuksissa.<\/p>\n<p><strong>J\u00e4rjestelm\u00e4\u00e4 k\u00e4ytt\u00e4v\u00e4t keskukset:<\/strong><\/p>\n<p><a href=\"https:\/\/ski.fi\/hiihtokeskukset\/saariselka-ski-sport-resort\/\">Saariselk\u00e4 Ski &amp; Sport Resort<\/a><\/p>\n<p><a href=\"https:\/\/ski.fi\/hiihtokeskukset\/sappee\/\">Sappee<\/a><\/p>\n<p><a href=\"https:\/\/ski.fi\/bikeparkfinland\/bikeparkit\/tornari-bikepark\/\" target=\"_blank\" rel=\"noopener\">Tornari Bikepark<\/a><\/p>\n      <\/div>\n        <\/div>\n\n    \n  <\/div>\n<\/section>\n\n\n\n<section class=\"block block-one-col-text\">\n  <div class=\"container\">\n\n    <div class=\"wrapper-content\">\n          <h2 class=\"heading\">\n        SkiData      <\/h2>\n    \n          <div class=\"content\">\n        <p>SkiDatan hissilippuj\u00e4rjestelm\u00e4ss\u00e4 on sek\u00e4 et\u00e4luettavia kortteja kuin my\u00f6s viivakoodilippuja. Nyky\u00e4\u00e4n suurin osa SkiData keskuksista k\u00e4ytt\u00e4\u00e4 ainoastaan et\u00e4luettavia kortteja. Kortit ovat tiettyj\u00e4 poikkeuksia lukuunottamatta k\u00e4ytt\u00f6kelpoisia kaikissa SkiData keskuksissa, my\u00f6s ulkomailla.<\/p>\n<p><strong>J\u00e4rjestelm\u00e4\u00e4 k\u00e4ytt\u00e4v\u00e4t keskukset:<\/strong><\/p>\n<p><a href=\"https:\/\/ski.fi\/hiihtokeskukset\/ellivuori\/\" target=\"_blank\" rel=\"noreferrer noopener\">Ellivuori<\/a><\/p>\n<p><a href=\"https:\/\/ski.fi\/hiihtokeskukset\/iso-syote\/\" target=\"_blank\" rel=\"noreferrer noopener\">Iso-Sy\u00f6te<\/a><strong><br \/>\n<\/strong><\/p>\n<p><a href=\"https:\/\/ski.fi\/hiihtokeskukset\/kasurila\/\" target=\"_blank\" rel=\"noreferrer noopener\">Kasurila<\/a><strong><br \/>\n<\/strong><\/p>\n<p><a href=\"https:\/\/ski.fi\/hiihtokeskukset\/laajavuori\/\" target=\"_blank\" rel=\"noreferrer noopener\">Laajis<\/a><strong><br \/>\n<\/strong><\/p>\n<p><a href=\"https:\/\/ski.fi\/hiihtokeskukset\/levi\/\">Levi<\/a><\/p>\n<p><a href=\"https:\/\/ski.fi\/hiihtokeskukset\/mustavuori\/\" target=\"_blank\" rel=\"noreferrer noopener\">Mustavuori<\/a><\/p>\n<p><a href=\"https:\/\/ski.fi\/hiihtokeskukset\/ounasvaara\/\" target=\"_blank\" rel=\"noreferrer noopener\">Ounasvaara<\/a><\/p>\n<p><a href=\"https:\/\/ski.fi\/hiihtokeskukset\/paminne\/\" target=\"_blank\" rel=\"noopener\">P\u00e5minne<\/a><\/p>\n<p><a href=\"https:\/\/ski.fi\/hiihtokeskukset\/pyha-2\/\" target=\"_blank\" rel=\"noopener\">Pyh\u00e4<\/a><\/p>\n<p><a href=\"https:\/\/ski.fi\/hiihtokeskukset\/ruka\/\" target=\"_blank\" rel=\"noopener\">Ruka<\/a><\/p>\n<p><a href=\"https:\/\/ski.fi\/hiihtokeskukset\/ruskotunturi\/\" target=\"_blank\" rel=\"noopener\">Ruskotunturi<\/a><\/p>\n<p><a href=\"https:\/\/ski.fi\/hiihtokeskukset\/tahko-mountain\/\" target=\"_blank\" rel=\"noopener\">Tahko<\/a><\/p>\n<p><a href=\"https:\/\/ski.fi\/hiihtokeskukset\/yllas\/\" target=\"_blank\" rel=\"noopener\">Yll\u00e4s<\/a><\/p>\n      <\/div>\n        <\/div>\n\n    \n  <\/div>\n<\/section>\n\n\n\n<section class=\"block block-one-col-text\">\n  <div class=\"container\">\n\n    <div class=\"wrapper-content\">\n          <h2 class=\"heading\">\n        SnowCard      <\/h2>\n    \n          <div class=\"content\">\n        <p>Kotimaassa kehitetty SnowCard -hissilippuj\u00e4rjestelm\u00e4 toimii et\u00e4luettavilla korteilla ja kortit k\u00e4yv\u00e4t kaikissa\u00a0 SnowCard hiihtokeskuksissa. Hissilippujen lis\u00e4ksi kortteihin voidaan ohjelmoida esimerkiksi hotellihuoneen ovikoodi, korttia voidaan k\u00e4ytt\u00e4\u00e4 maksuv\u00e4lineen\u00e4 jne.<\/p>\n<p><strong>J\u00e4rjestelm\u00e4\u00e4 k\u00e4ytt\u00e4v\u00e4t keskukset:<\/strong><\/p>\n<p><a href=\"http:\/\/Meri-Teijo Bike Park\" target=\"_blank\" rel=\"noopener\">Meri-Teijo Bike Park<\/a><\/p>\n<p><a href=\"https:\/\/ski.fi\/hiihtokeskukset\/nuuksio-ski\/\">Nuuksio Ski<\/a><\/p>\n<p><a href=\"https:\/\/ski.fi\/hiihtokeskukset\/ruosniemi\/\">Ruosniemi<\/a><\/p>\n<p><a href=\"https:\/\/ski.fi\/hiihtokeskukset\/simpsio\/\">Simpsi\u00f6<\/a><\/p>\n      <\/div>\n        <\/div>\n\n    \n  <\/div>\n<\/section>\n\n\n\n<section class=\"block block-one-col-text\">\n  <div class=\"container\">\n\n    <div class=\"wrapper-content\">\n          <h2 class=\"heading\">\n        Custom      <\/h2>\n    \n          <div class=\"content\">\n        <p>Hiihtokeskuskohtainen hissilippuj\u00e4rjestelm\u00e4, joka ei ole yhteensopiva muiden hiihtokeskusten kanssa. Lis\u00e4tietoa hiihtokeskuksesta.<\/p>\n<p><strong>J\u00e4rjestelm\u00e4\u00e4 k\u00e4ytt\u00e4v\u00e4t keskukset:<\/strong><\/p>\n<p><a href=\"https:\/\/ski.fi\/hiihtokeskukset\/kalpalinna\/\">Kalpalinna<\/a><\/p>\n<p><a href=\"https:\/\/ski.fi\/hiihtokeskukset\/ruokolahden-freeski\/\">Saimaa Bike Park<\/a><\/p>\n      <\/div>\n        <\/div>\n\n    \n  <\/div>\n<\/section>\n\n\n\n<section class=\"block block-most-read-articles\">\n  <div class=\"container\">\n\n          <h2 class=\"heading\">\n        Luetuimmat uutiset      <\/h2>\n    \n          <ul class=\"wrapper-articles\">\n                  <li class=\"wrapper-article\">\n            <a href=\"https:\/\/ski.fi\/bikeparkfinland\/pyorat-ja-varusteet\/kyparat-ja-lasit-bike-parkiin\/\" class=\"global-link\" aria-hidden=\"true\"><\/a>\n            <div class=\"image image-background\">\n                  <img decoding=\"async\" loading=\"lazy\"\n      alt=\"\"\n      src=\"https:\/\/ski.fi\/media\/sites\/3\/2025\/10\/kypara-ja-lasit-bikepark-levi-2867.jpg\"\n              srcset=\"https:\/\/ski.fi\/media\/sites\/3\/2025\/10\/kypara-ja-lasit-bikepark-levi-2867-300x192.jpg 300w, https:\/\/ski.fi\/media\/sites\/3\/2025\/10\/kypara-ja-lasit-bikepark-levi-2867-768x492.jpg 768w, https:\/\/ski.fi\/media\/sites\/3\/2025\/10\/kypara-ja-lasit-bikepark-levi-2867.jpg 936w\"\n        sizes=\"auto, (max-width: 768px) 100vw, (max-width: 1200px) 50vw, 100vw\"\n                    width=\"936\"\n        height=\"600\"\n                      \/>\n                <\/div>\n            <h3 class=\"article-title\">\n              Kyp\u00e4r\u00e4t ja lasit bike parkiin            <\/h3>\n          <\/li>\n                  <li class=\"wrapper-article\">\n            <a href=\"https:\/\/ski.fi\/bikeparkfinland\/bike-park-uutiset\/katja-stahl-hullaantui-alamakipyorailysta-alyttoman-hauska-laji-jota-on-turha-pelata\/\" class=\"global-link\" aria-hidden=\"true\"><\/a>\n            <div class=\"image image-background\">\n                  <img decoding=\"async\" loading=\"lazy\"\n      alt=\"\"\n      src=\"https:\/\/ski.fi\/media\/sites\/3\/2025\/10\/katja-stahl-bikepark-4120.jpg\"\n              srcset=\"https:\/\/ski.fi\/media\/sites\/3\/2025\/10\/katja-stahl-bikepark-4120-300x192.jpg 300w, https:\/\/ski.fi\/media\/sites\/3\/2025\/10\/katja-stahl-bikepark-4120-768x492.jpg 768w, https:\/\/ski.fi\/media\/sites\/3\/2025\/10\/katja-stahl-bikepark-4120.jpg 936w\"\n        sizes=\"auto, (max-width: 768px) 100vw, (max-width: 1200px) 50vw, 100vw\"\n                    width=\"936\"\n        height=\"600\"\n                      \/>\n                <\/div>\n            <h3 class=\"article-title\">\n              Katja St\u00e5hl hullaantui alam\u00e4kipy\u00f6r\u00e4ilyst\u00e4: \u201d\u00c4lytt\u00f6m\u00e4n hauska laji, jota on turha pel\u00e4t\u00e4\u201d            <\/h3>\n          <\/li>\n                  <li class=\"wrapper-article\">\n            <a href=\"https:\/\/ski.fi\/bikeparkfinland\/bike-park-uutiset\/taman-takia-vuoden-bike-park-palkittu-sappee-on-niin-monen-suosikki\/\" class=\"global-link\" aria-hidden=\"true\"><\/a>\n            <div class=\"image image-background\">\n                  <img decoding=\"async\" loading=\"lazy\"\n      alt=\"\"\n      src=\"https:\/\/ski.fi\/media\/sites\/3\/2025\/10\/sappee-bikepark-54.jpg\"\n              srcset=\"https:\/\/ski.fi\/media\/sites\/3\/2025\/10\/sappee-bikepark-54-300x192.jpg 300w, https:\/\/ski.fi\/media\/sites\/3\/2025\/10\/sappee-bikepark-54-768x492.jpg 768w, https:\/\/ski.fi\/media\/sites\/3\/2025\/10\/sappee-bikepark-54.jpg 936w\"\n        sizes=\"auto, (max-width: 768px) 100vw, (max-width: 1200px) 50vw, 100vw\"\n                    width=\"936\"\n        height=\"600\"\n                      \/>\n                <\/div>\n            <h3 class=\"article-title\">\n              T\u00e4m\u00e4n takia Vuoden Bike Park -palkittu Sappee on niin monen suosikki            <\/h3>\n          <\/li>\n                  <li class=\"wrapper-article\">\n            <a href=\"https:\/\/ski.fi\/bikeparkfinland\/yhteistyossa\/maastopyoran-saataminen-matti-lehikoisen-opein\/\" class=\"global-link\" aria-hidden=\"true\"><\/a>\n            <div class=\"image image-background\">\n                  <img decoding=\"async\" loading=\"lazy\"\n      alt=\"\"\n      src=\"https:\/\/ski.fi\/media\/sites\/3\/2025\/10\/ghost-matti-lehikoinen-7011-1.jpg\"\n              srcset=\"https:\/\/ski.fi\/media\/sites\/3\/2025\/10\/ghost-matti-lehikoinen-7011-1-300x192.jpg 300w, https:\/\/ski.fi\/media\/sites\/3\/2025\/10\/ghost-matti-lehikoinen-7011-1-768x492.jpg 768w, https:\/\/ski.fi\/media\/sites\/3\/2025\/10\/ghost-matti-lehikoinen-7011-1.jpg 936w\"\n        sizes=\"auto, (max-width: 768px) 100vw, (max-width: 1200px) 50vw, 100vw\"\n                    width=\"936\"\n        height=\"600\"\n                      \/>\n                <\/div>\n            <h3 class=\"article-title\">\n              Maastopy\u00f6r\u00e4n s\u00e4\u00e4t\u00e4minen Matti Lehikoisen opein            <\/h3>\n          <\/li>\n                  <li class=\"wrapper-article\">\n            <a href=\"https:\/\/ski.fi\/bikeparkfinland\/ajovinkit\/hissin-kaytto-pyoralla-on-helppoa\/\" class=\"global-link\" aria-hidden=\"true\"><\/a>\n            <div class=\"image image-background\">\n                  <img decoding=\"async\" loading=\"lazy\"\n      alt=\"\"\n      src=\"https:\/\/ski.fi\/media\/sites\/3\/2025\/10\/sompahissi_bikepark_9430-1.jpg\"\n              srcset=\"https:\/\/ski.fi\/media\/sites\/3\/2025\/10\/sompahissi_bikepark_9430-1-300x170.jpg 300w, https:\/\/ski.fi\/media\/sites\/3\/2025\/10\/sompahissi_bikepark_9430-1-1024x580.jpg 1024w, https:\/\/ski.fi\/media\/sites\/3\/2025\/10\/sompahissi_bikepark_9430-1-768x435.jpg 768w, https:\/\/ski.fi\/media\/sites\/3\/2025\/10\/sompahissi_bikepark_9430-1.jpg 1500w\"\n        sizes=\"auto, (max-width: 768px) 100vw, (max-width: 1200px) 50vw, 100vw\"\n                    width=\"1500\"\n        height=\"850\"\n                      \/>\n                <\/div>\n            <h3 class=\"article-title\">\n              Hissin k\u00e4ytt\u00f6 py\u00f6r\u00e4ll\u00e4 on helppoa            <\/h3>\n          <\/li>\n                  <li class=\"wrapper-article\">\n            <a href=\"https:\/\/ski.fi\/bikeparkfinland\/ajovinkit\/alamakipyoraily-on-helpompaa-kuin-kuvittelit-matti-lehikoinen-kertoo-vinkit-alkuun\/\" class=\"global-link\" aria-hidden=\"true\"><\/a>\n            <div class=\"image image-background\">\n                  <img decoding=\"async\" loading=\"lazy\"\n      alt=\"\"\n      src=\"https:\/\/ski.fi\/media\/sites\/3\/2025\/10\/fmbia-matti-lehikoinen-2024-7192.jpg\"\n              srcset=\"https:\/\/ski.fi\/media\/sites\/3\/2025\/10\/fmbia-matti-lehikoinen-2024-7192-300x192.jpg 300w, https:\/\/ski.fi\/media\/sites\/3\/2025\/10\/fmbia-matti-lehikoinen-2024-7192-768x492.jpg 768w, https:\/\/ski.fi\/media\/sites\/3\/2025\/10\/fmbia-matti-lehikoinen-2024-7192.jpg 936w\"\n        sizes=\"auto, (max-width: 768px) 100vw, (max-width: 1200px) 50vw, 100vw\"\n                    width=\"936\"\n        height=\"600\"\n                      \/>\n                <\/div>\n            <h3 class=\"article-title\">\n              Alam\u00e4kipy\u00f6r\u00e4ily on helpompaa kuin kuvittelit &#8211; Matti Lehikoinen kertoo vinkit alkuun            <\/h3>\n          <\/li>\n              <\/ul>\n    \n    \n  <\/div>\n<\/section>\n","protected":false},"excerpt":{"rendered":"","protected":false},"author":1,"featured_media":0,"parent":0,"menu_order":0,"comment_status":"closed","ping_status":"closed","template":"","meta":{"_acf_changed":false,"_relevanssi_hide_post":"","_relevanssi_hide_content":"","_relevanssi_pin_for_all":"","_relevanssi_pin_keywords":"","_relevanssi_unpin_keywords":"","_relevanssi_related_keywords":"","_relevanssi_related_include_ids":"","_relevanssi_related_exclude_ids":"","_relevanssi_related_no_append":"","_relevanssi_related_not_related":"","_relevanssi_related_posts":"826,868,843,858,833,793","_relevanssi_noindex_reason":"","footnotes":""},"class_list":["post-1627","page","type-page","status-publish","hentry"],"acf":[],"yoast_head":"<title>Hissilippuj\u00e4rjestelm\u00e4t - Bikepark Finland<\/title>\n<meta name=\"robots\" content=\"index, follow, max-snippet:-1, max-image-preview:large, max-video-preview:-1\" \/>\n<link rel=\"canonical\" href=\"https:\/\/ski.fi\/bikeparkfinland\/hissilippujarjestelmat\/\" \/>\n<meta property=\"og:locale\" content=\"fi_FI\" \/>\n<meta property=\"og:type\" content=\"article\" \/>\n<meta property=\"og:title\" content=\"Hissilippuj\u00e4rjestelm\u00e4t - Bikepark Finland\" \/>\n<meta property=\"og:url\" content=\"https:\/\/ski.fi\/bikeparkfinland\/hissilippujarjestelmat\/\" \/>\n<meta property=\"og:site_name\" content=\"Bikepark Finland\" \/>\n<meta property=\"article:modified_time\" content=\"2025-12-07T08:57:30+00:00\" \/>\n<meta property=\"og:image\" content=\"https:\/\/ski.fi\/media\/sites\/3\/fallback.png\" \/>\n\t<meta property=\"og:image:width\" content=\"1200\" \/>\n\t<meta property=\"og:image:height\" content=\"630\" \/>\n\t<meta property=\"og:image:type\" content=\"image\/png\" \/>\n<meta name=\"twitter:card\" content=\"summary_large_image\" \/>\n<meta name=\"twitter:label1\" content=\"Arvioitu lukuaika\" \/>\n\t<meta name=\"twitter:data1\" content=\"2 minuuttia\" \/>\n<script type=\"application\/ld+json\" class=\"yoast-schema-graph\">{\"@context\":\"https:\\\/\\\/schema.org\",\"@graph\":[{\"@type\":\"WebPage\",\"@id\":\"https:\\\/\\\/ski.fi\\\/bikeparkfinland\\\/hissilippujarjestelmat\\\/\",\"url\":\"https:\\\/\\\/ski.fi\\\/bikeparkfinland\\\/hissilippujarjestelmat\\\/\",\"name\":\"Hissilippuj\u00e4rjestelm\u00e4t - Bikepark Finland\",\"isPartOf\":{\"@id\":\"https:\\\/\\\/ski.fi\\\/bikeparkfinland\\\/#website\"},\"datePublished\":\"2025-12-04T13:01:09+00:00\",\"dateModified\":\"2025-12-07T08:57:30+00:00\",\"breadcrumb\":{\"@id\":\"https:\\\/\\\/ski.fi\\\/bikeparkfinland\\\/hissilippujarjestelmat\\\/#breadcrumb\"},\"inLanguage\":\"fi\",\"potentialAction\":[{\"@type\":\"ReadAction\",\"target\":[\"https:\\\/\\\/ski.fi\\\/bikeparkfinland\\\/hissilippujarjestelmat\\\/\"]}]},{\"@type\":\"BreadcrumbList\",\"@id\":\"https:\\\/\\\/ski.fi\\\/bikeparkfinland\\\/hissilippujarjestelmat\\\/#breadcrumb\",\"itemListElement\":[{\"@type\":\"ListItem\",\"position\":1,\"name\":\"Etusivu\",\"item\":\"https:\\\/\\\/ski.fi\\\/bikeparkfinland\\\/\"},{\"@type\":\"ListItem\",\"position\":2,\"name\":\"Hissilippuj\u00e4rjestelm\u00e4t\"}]},{\"@type\":\"WebSite\",\"@id\":\"https:\\\/\\\/ski.fi\\\/bikeparkfinland\\\/#website\",\"url\":\"https:\\\/\\\/ski.fi\\\/bikeparkfinland\\\/\",\"name\":\"Bikepark Finland\",\"description\":\"\",\"potentialAction\":[{\"@type\":\"SearchAction\",\"target\":{\"@type\":\"EntryPoint\",\"urlTemplate\":\"https:\\\/\\\/ski.fi\\\/bikeparkfinland\\\/?s={search_term_string}\"},\"query-input\":{\"@type\":\"PropertyValueSpecification\",\"valueRequired\":true,\"valueName\":\"search_term_string\"}}],\"inLanguage\":\"fi\"}]}<\/script>","yoast_head_json":{"title":"Hissilippuj\u00e4rjestelm\u00e4t - Bikepark Finland","robots":{"index":"index","follow":"follow","max-snippet":"max-snippet:-1","max-image-preview":"max-image-preview:large","max-video-preview":"max-video-preview:-1"},"canonical":"https:\/\/ski.fi\/bikeparkfinland\/hissilippujarjestelmat\/","og_locale":"fi_FI","og_type":"article","og_title":"Hissilippuj\u00e4rjestelm\u00e4t - Bikepark Finland","og_url":"https:\/\/ski.fi\/bikeparkfinland\/hissilippujarjestelmat\/","og_site_name":"Bikepark Finland","article_modified_time":"2025-12-07T08:57:30+00:00","og_image":[{"width":1200,"height":630,"url":"https:\/\/ski.fi\/media\/sites\/3\/fallback.png","type":"image\/png"}],"twitter_card":"summary_large_image","twitter_misc":{"Arvioitu lukuaika":"2 minuuttia"},"schema":{"@context":"https:\/\/schema.org","@graph":[{"@type":"WebPage","@id":"https:\/\/ski.fi\/bikeparkfinland\/hissilippujarjestelmat\/","url":"https:\/\/ski.fi\/bikeparkfinland\/hissilippujarjestelmat\/","name":"Hissilippuj\u00e4rjestelm\u00e4t - Bikepark Finland","isPartOf":{"@id":"https:\/\/ski.fi\/bikeparkfinland\/#website"},"datePublished":"2025-12-04T13:01:09+00:00","dateModified":"2025-12-07T08:57:30+00:00","breadcrumb":{"@id":"https:\/\/ski.fi\/bikeparkfinland\/hissilippujarjestelmat\/#breadcrumb"},"inLanguage":"fi","potentialAction":[{"@type":"ReadAction","target":["https:\/\/ski.fi\/bikeparkfinland\/hissilippujarjestelmat\/"]}]},{"@type":"BreadcrumbList","@id":"https:\/\/ski.fi\/bikeparkfinland\/hissilippujarjestelmat\/#breadcrumb","itemListElement":[{"@type":"ListItem","position":1,"name":"Etusivu","item":"https:\/\/ski.fi\/bikeparkfinland\/"},{"@type":"ListItem","position":2,"name":"Hissilippuj\u00e4rjestelm\u00e4t"}]},{"@type":"WebSite","@id":"https:\/\/ski.fi\/bikeparkfinland\/#website","url":"https:\/\/ski.fi\/bikeparkfinland\/","name":"Bikepark Finland","description":"","potentialAction":[{"@type":"SearchAction","target":{"@type":"EntryPoint","urlTemplate":"https:\/\/ski.fi\/bikeparkfinland\/?s={search_term_string}"},"query-input":{"@type":"PropertyValueSpecification","valueRequired":true,"valueName":"search_term_string"}}],"inLanguage":"fi"}]}},"lang":"fi","translations":{"fi":1627},"pll_sync_post":[],"_links":{"self":[{"href":"https:\/\/ski.fi\/bikeparkfinland\/wp-json\/wp\/v2\/pages\/1627","targetHints":{"allow":["GET"]}}],"collection":[{"href":"https:\/\/ski.fi\/bikeparkfinland\/wp-json\/wp\/v2\/pages"}],"about":[{"href":"https:\/\/ski.fi\/bikeparkfinland\/wp-json\/wp\/v2\/types\/page"}],"author":[{"embeddable":true,"href":"https:\/\/ski.fi\/bikeparkfinland\/wp-json\/wp\/v2\/users\/1"}],"replies":[{"embeddable":true,"href":"https:\/\/ski.fi\/bikeparkfinland\/wp-json\/wp\/v2\/comments?post=1627"}],"version-history":[{"count":4,"href":"https:\/\/ski.fi\/bikeparkfinland\/wp-json\/wp\/v2\/pages\/1627\/revisions"}],"predecessor-version":[{"id":1643,"href":"https:\/\/ski.fi\/bikeparkfinland\/wp-json\/wp\/v2\/pages\/1627\/revisions\/1643"}],"wp:attachment":[{"href":"https:\/\/ski.fi\/bikeparkfinland\/wp-json\/wp\/v2\/media?parent=1627"}],"curies":[{"name":"wp","href":"https:\/\/api.w.org\/{rel}","templated":true}]}}