{"id":644,"date":"2025-10-23T16:02:06","date_gmt":"2025-10-23T13:02:06","guid":{"rendered":"https:\/\/ski.fi\/bikeparkfinland\/?page_id=644"},"modified":"2025-12-08T15:33:21","modified_gmt":"2025-12-08T13:33:21","slug":"turvallisuus","status":"publish","type":"page","link":"https:\/\/ski.fi\/bikeparkfinland\/turvallisuus\/","title":{"rendered":"Turvallisuus"},"content":{"rendered":"\n<section class=\"block block-hero-subpage has-image\">\n  <div class=\"container\">\n\n    <div class=\"wrapper-content\">\n              <h1 class=\"heading\">\n          Turvallisuus        <\/h1>\n      \n      \n      \n      \n          <\/div>\n\n          <div class=\"image image-background\">\n            <img decoding=\"async\" loading=\"lazy\"\n      alt=\"\"\n      src=\"https:\/\/ski.fi\/media\/sites\/3\/bikepatrol_8031.jpg\"\n              srcset=\"https:\/\/ski.fi\/media\/sites\/3\/bikepatrol_8031-300x200.jpg 300w, https:\/\/ski.fi\/media\/sites\/3\/bikepatrol_8031-1024x683.jpg 1024w, https:\/\/ski.fi\/media\/sites\/3\/bikepatrol_8031-768x512.jpg 768w, https:\/\/ski.fi\/media\/sites\/3\/bikepatrol_8031-1536x1024.jpg 1536w, https:\/\/ski.fi\/media\/sites\/3\/bikepatrol_8031-2048x1365.jpg 2048w\"\n        sizes=\"auto, (max-width: 768px) 100vw, (max-width: 1200px) 50vw, 100vw\"\n                    width=\"3840\"\n        height=\"2560\"\n                      \/>\n    \n              <\/div>\n\n    \n  <\/div>\n<\/section>\n\n\n\n<section class=\"block block-heading-with-links has-background-color-off-white\">\n  <div class=\"container\">\n\n    <div class=\"wrapper-heading\">\n              <h2 class=\"heading\">\n          Ohjeet ja opasteet        <\/h2>\n          <\/div>\n\n    <ul class=\"wrapper-links\">\n              <li class=\"link\">\n          <a href=\"https:\/\/ski.fi\/bikeparkfinland\/turvallisuus\/saannot-ja-ohjeet\/\">\n            S\u00e4\u00e4nn\u00f6t ja ohjeet            <svg class=\"arrow-long\" fill=\"none\" height=\"11\" viewBox=\"0 0 14 11\" width=\"14\" xmlns=\"http:\/\/www.w3.org\/2000\/svg\"><path d=\"m.4 4.46487h10.776l-2.76-3.840004h1.872l3.336 4.704004-3.336 4.70403h-1.872l2.76-3.84003h-10.776z\" fill=\"currentColor\"\/><\/svg>          <\/a>\n        <\/li>\n              <li class=\"link\">\n          <a href=\"https:\/\/ski.fi\/rinneturvallisuus\/opasteet\/\">\n            Opasteet            <svg class=\"arrow-long\" fill=\"none\" height=\"11\" viewBox=\"0 0 14 11\" width=\"14\" xmlns=\"http:\/\/www.w3.org\/2000\/svg\"><path d=\"m.4 4.46487h10.776l-2.76-3.840004h1.872l3.336 4.704004-3.336 4.70403h-1.872l2.76-3.84003h-10.776z\" fill=\"currentColor\"\/><\/svg>          <\/a>\n        <\/li>\n              <li class=\"link\">\n          <a href=\"https:\/\/ski.fi\/bikeparkfinland\/turvallisuus\/reittien-tasoluokitukset\/\">\n            Reittien tasoluokitukset            <svg class=\"arrow-long\" fill=\"none\" height=\"11\" viewBox=\"0 0 14 11\" width=\"14\" xmlns=\"http:\/\/www.w3.org\/2000\/svg\"><path d=\"m.4 4.46487h10.776l-2.76-3.840004h1.872l3.336 4.704004-3.336 4.70403h-1.872l2.76-3.84003h-10.776z\" fill=\"currentColor\"\/><\/svg>          <\/a>\n        <\/li>\n          <\/ul>\n\n  <\/div>\n<\/section>\n\n\n\n<section class=\"block block-heading-with-links has-background-color-off-white\">\n  <div class=\"container\">\n\n    <div class=\"wrapper-heading\">\n              <h2 class=\"heading\">\n          Hissiohjeet        <\/h2>\n          <\/div>\n\n    <ul class=\"wrapper-links\">\n              <li class=\"link\">\n          <a href=\"https:\/\/ski.fi\/rinneturvallisuus\/ankkurihissiohjeet\/\">\n            Ankkurihissiohjeet            <svg class=\"arrow-long\" fill=\"none\" height=\"11\" viewBox=\"0 0 14 11\" width=\"14\" xmlns=\"http:\/\/www.w3.org\/2000\/svg\"><path d=\"m.4 4.46487h10.776l-2.76-3.840004h1.872l3.336 4.704004-3.336 4.70403h-1.872l2.76-3.84003h-10.776z\" fill=\"currentColor\"\/><\/svg>          <\/a>\n        <\/li>\n              <li class=\"link\">\n          <a href=\"https:\/\/ski.fi\/rinneturvallisuus\/kapulahissiohjeet\/\">\n            Kapulahissiohjeet            <svg class=\"arrow-long\" fill=\"none\" height=\"11\" viewBox=\"0 0 14 11\" width=\"14\" xmlns=\"http:\/\/www.w3.org\/2000\/svg\"><path d=\"m.4 4.46487h10.776l-2.76-3.840004h1.872l3.336 4.704004-3.336 4.70403h-1.872l2.76-3.84003h-10.776z\" fill=\"currentColor\"\/><\/svg>          <\/a>\n        <\/li>\n              <li class=\"link\">\n          <a href=\"https:\/\/ski.fi\/rinneturvallisuus\/tuolihissiohjeet\/\">\n            Tuolihissiohjeet            <svg class=\"arrow-long\" fill=\"none\" height=\"11\" viewBox=\"0 0 14 11\" width=\"14\" xmlns=\"http:\/\/www.w3.org\/2000\/svg\"><path d=\"m.4 4.46487h10.776l-2.76-3.840004h1.872l3.336 4.704004-3.336 4.70403h-1.872l2.76-3.84003h-10.776z\" fill=\"currentColor\"\/><\/svg>          <\/a>\n        <\/li>\n          <\/ul>\n\n  <\/div>\n<\/section>\n\n\n\n<section class=\"block block-most-read-articles\">\n  <div class=\"container\">\n\n          <h2 class=\"heading\">\n        Bikepark Finland suosittelee      <\/h2>\n    \n          <ul class=\"wrapper-articles\">\n                  <li class=\"wrapper-article\">\n            <a href=\"https:\/\/ski.fi\/bikeparkfinland\/pyorat-ja-varusteet\/kyparat-ja-lasit-bike-parkiin\/\" class=\"global-link\" aria-hidden=\"true\"><\/a>\n            <div class=\"image image-background\">\n                  <img decoding=\"async\" loading=\"lazy\"\n      alt=\"\"\n      src=\"https:\/\/ski.fi\/media\/sites\/3\/2025\/10\/kypara-ja-lasit-bikepark-levi-2867.jpg\"\n              srcset=\"https:\/\/ski.fi\/media\/sites\/3\/2025\/10\/kypara-ja-lasit-bikepark-levi-2867-300x192.jpg 300w, https:\/\/ski.fi\/media\/sites\/3\/2025\/10\/kypara-ja-lasit-bikepark-levi-2867-768x492.jpg 768w, https:\/\/ski.fi\/media\/sites\/3\/2025\/10\/kypara-ja-lasit-bikepark-levi-2867.jpg 936w\"\n        sizes=\"auto, (max-width: 768px) 100vw, (max-width: 1200px) 50vw, 100vw\"\n                    width=\"936\"\n        height=\"600\"\n                      \/>\n                <\/div>\n            <h3 class=\"article-title\">\n              Kyp\u00e4r\u00e4t ja lasit bike parkiin            <\/h3>\n          <\/li>\n                  <li class=\"wrapper-article\">\n            <a href=\"https:\/\/ski.fi\/bikeparkfinland\/bike-park-uutiset\/katja-stahl-hullaantui-alamakipyorailysta-alyttoman-hauska-laji-jota-on-turha-pelata\/\" class=\"global-link\" aria-hidden=\"true\"><\/a>\n            <div class=\"image image-background\">\n                  <img decoding=\"async\" loading=\"lazy\"\n      alt=\"\"\n      src=\"https:\/\/ski.fi\/media\/sites\/3\/2025\/10\/katja-stahl-bikepark-4120.jpg\"\n              srcset=\"https:\/\/ski.fi\/media\/sites\/3\/2025\/10\/katja-stahl-bikepark-4120-300x192.jpg 300w, https:\/\/ski.fi\/media\/sites\/3\/2025\/10\/katja-stahl-bikepark-4120-768x492.jpg 768w, https:\/\/ski.fi\/media\/sites\/3\/2025\/10\/katja-stahl-bikepark-4120.jpg 936w\"\n        sizes=\"auto, (max-width: 768px) 100vw, (max-width: 1200px) 50vw, 100vw\"\n                    width=\"936\"\n        height=\"600\"\n                      \/>\n                <\/div>\n            <h3 class=\"article-title\">\n              Katja St\u00e5hl hullaantui alam\u00e4kipy\u00f6r\u00e4ilyst\u00e4: \u201d\u00c4lytt\u00f6m\u00e4n hauska laji, jota on turha pel\u00e4t\u00e4\u201d            <\/h3>\n          <\/li>\n                  <li class=\"wrapper-article\">\n            <a href=\"https:\/\/ski.fi\/bikeparkfinland\/bike-park-uutiset\/taman-takia-vuoden-bike-park-palkittu-sappee-on-niin-monen-suosikki\/\" class=\"global-link\" aria-hidden=\"true\"><\/a>\n            <div class=\"image image-background\">\n                  <img decoding=\"async\" loading=\"lazy\"\n      alt=\"\"\n      src=\"https:\/\/ski.fi\/media\/sites\/3\/2025\/10\/sappee-bikepark-54.jpg\"\n              srcset=\"https:\/\/ski.fi\/media\/sites\/3\/2025\/10\/sappee-bikepark-54-300x192.jpg 300w, https:\/\/ski.fi\/media\/sites\/3\/2025\/10\/sappee-bikepark-54-768x492.jpg 768w, https:\/\/ski.fi\/media\/sites\/3\/2025\/10\/sappee-bikepark-54.jpg 936w\"\n        sizes=\"auto, (max-width: 768px) 100vw, (max-width: 1200px) 50vw, 100vw\"\n                    width=\"936\"\n        height=\"600\"\n                      \/>\n                <\/div>\n            <h3 class=\"article-title\">\n              T\u00e4m\u00e4n takia Vuoden Bike Park -palkittu Sappee on niin monen suosikki            <\/h3>\n          <\/li>\n                  <li class=\"wrapper-article\">\n            <a href=\"https:\/\/ski.fi\/bikeparkfinland\/yhteistyossa\/maastopyoran-saataminen-matti-lehikoisen-opein\/\" class=\"global-link\" aria-hidden=\"true\"><\/a>\n            <div class=\"image image-background\">\n                  <img decoding=\"async\" loading=\"lazy\"\n      alt=\"\"\n      src=\"https:\/\/ski.fi\/media\/sites\/3\/2025\/10\/ghost-matti-lehikoinen-7011-1.jpg\"\n              srcset=\"https:\/\/ski.fi\/media\/sites\/3\/2025\/10\/ghost-matti-lehikoinen-7011-1-300x192.jpg 300w, https:\/\/ski.fi\/media\/sites\/3\/2025\/10\/ghost-matti-lehikoinen-7011-1-768x492.jpg 768w, https:\/\/ski.fi\/media\/sites\/3\/2025\/10\/ghost-matti-lehikoinen-7011-1.jpg 936w\"\n        sizes=\"auto, (max-width: 768px) 100vw, (max-width: 1200px) 50vw, 100vw\"\n                    width=\"936\"\n        height=\"600\"\n                      \/>\n                <\/div>\n            <h3 class=\"article-title\">\n              Maastopy\u00f6r\u00e4n s\u00e4\u00e4t\u00e4minen Matti Lehikoisen opein            <\/h3>\n          <\/li>\n                  <li class=\"wrapper-article\">\n            <a href=\"https:\/\/ski.fi\/bikeparkfinland\/ajovinkit\/hissin-kaytto-pyoralla-on-helppoa\/\" class=\"global-link\" aria-hidden=\"true\"><\/a>\n            <div class=\"image image-background\">\n                  <img decoding=\"async\" loading=\"lazy\"\n      alt=\"\"\n      src=\"https:\/\/ski.fi\/media\/sites\/3\/2025\/10\/sompahissi_bikepark_9430-1.jpg\"\n              srcset=\"https:\/\/ski.fi\/media\/sites\/3\/2025\/10\/sompahissi_bikepark_9430-1-300x170.jpg 300w, https:\/\/ski.fi\/media\/sites\/3\/2025\/10\/sompahissi_bikepark_9430-1-1024x580.jpg 1024w, https:\/\/ski.fi\/media\/sites\/3\/2025\/10\/sompahissi_bikepark_9430-1-768x435.jpg 768w, https:\/\/ski.fi\/media\/sites\/3\/2025\/10\/sompahissi_bikepark_9430-1.jpg 1500w\"\n        sizes=\"auto, (max-width: 768px) 100vw, (max-width: 1200px) 50vw, 100vw\"\n                    width=\"1500\"\n        height=\"850\"\n                      \/>\n                <\/div>\n            <h3 class=\"article-title\">\n              Hissin k\u00e4ytt\u00f6 py\u00f6r\u00e4ll\u00e4 on helppoa            <\/h3>\n          <\/li>\n                  <li class=\"wrapper-article\">\n            <a href=\"https:\/\/ski.fi\/bikeparkfinland\/ajovinkit\/alamakipyoraily-on-helpompaa-kuin-kuvittelit-matti-lehikoinen-kertoo-vinkit-alkuun\/\" class=\"global-link\" aria-hidden=\"true\"><\/a>\n            <div class=\"image image-background\">\n                  <img decoding=\"async\" loading=\"lazy\"\n      alt=\"\"\n      src=\"https:\/\/ski.fi\/media\/sites\/3\/2025\/10\/fmbia-matti-lehikoinen-2024-7192.jpg\"\n              srcset=\"https:\/\/ski.fi\/media\/sites\/3\/2025\/10\/fmbia-matti-lehikoinen-2024-7192-300x192.jpg 300w, https:\/\/ski.fi\/media\/sites\/3\/2025\/10\/fmbia-matti-lehikoinen-2024-7192-768x492.jpg 768w, https:\/\/ski.fi\/media\/sites\/3\/2025\/10\/fmbia-matti-lehikoinen-2024-7192.jpg 936w\"\n        sizes=\"auto, (max-width: 768px) 100vw, (max-width: 1200px) 50vw, 100vw\"\n                    width=\"936\"\n        height=\"600\"\n                      \/>\n                <\/div>\n            <h3 class=\"article-title\">\n              Alam\u00e4kipy\u00f6r\u00e4ily on helpompaa kuin kuvittelit &#8211; Matti Lehikoinen kertoo vinkit alkuun            <\/h3>\n          <\/li>\n              <\/ul>\n    \n    \n  <\/div>\n<\/section>\n","protected":false},"excerpt":{"rendered":"","protected":false},"author":1,"featured_media":0,"parent":0,"menu_order":0,"comment_status":"closed","ping_status":"closed","template":"","meta":{"_acf_changed":false,"_relevanssi_hide_post":"","_relevanssi_hide_content":"","_relevanssi_pin_for_all":"","_relevanssi_pin_keywords":"","_relevanssi_unpin_keywords":"","_relevanssi_related_keywords":"","_relevanssi_related_include_ids":"","_relevanssi_related_exclude_ids":"","_relevanssi_related_no_append":"","_relevanssi_related_not_related":"","_relevanssi_related_posts":"504,531,565,553,32,568","_relevanssi_noindex_reason":"","footnotes":""},"class_list":["post-644","page","type-page","status-publish","hentry"],"acf":[],"yoast_head":"<title>Turvallisuus - Bikepark Finland<\/title>\n<meta name=\"robots\" content=\"index, follow, max-snippet:-1, max-image-preview:large, max-video-preview:-1\" \/>\n<link rel=\"canonical\" href=\"https:\/\/ski.fi\/bikeparkfinland\/turvallisuus\/\" \/>\n<meta property=\"og:locale\" content=\"fi_FI\" \/>\n<meta property=\"og:type\" content=\"article\" \/>\n<meta property=\"og:title\" content=\"Turvallisuus - Bikepark Finland\" \/>\n<meta property=\"og:url\" content=\"https:\/\/ski.fi\/bikeparkfinland\/turvallisuus\/\" \/>\n<meta property=\"og:site_name\" content=\"Bikepark Finland\" \/>\n<meta property=\"article:modified_time\" content=\"2025-12-08T13:33:21+00:00\" \/>\n<meta property=\"og:image\" content=\"https:\/\/ski.fi\/media\/sites\/3\/fallback.png\" \/>\n\t<meta property=\"og:image:width\" content=\"1200\" \/>\n\t<meta property=\"og:image:height\" content=\"630\" \/>\n\t<meta property=\"og:image:type\" content=\"image\/png\" \/>\n<meta name=\"twitter:card\" content=\"summary_large_image\" \/>\n<meta name=\"twitter:label1\" content=\"Arvioitu lukuaika\" \/>\n\t<meta name=\"twitter:data1\" content=\"1 minuutti\" \/>\n<script type=\"application\/ld+json\" class=\"yoast-schema-graph\">{\"@context\":\"https:\\\/\\\/schema.org\",\"@graph\":[{\"@type\":\"WebPage\",\"@id\":\"https:\\\/\\\/ski.fi\\\/bikeparkfinland\\\/turvallisuus\\\/\",\"url\":\"https:\\\/\\\/ski.fi\\\/bikeparkfinland\\\/turvallisuus\\\/\",\"name\":\"Turvallisuus - Bikepark Finland\",\"isPartOf\":{\"@id\":\"https:\\\/\\\/ski.fi\\\/bikeparkfinland\\\/#website\"},\"datePublished\":\"2025-10-23T13:02:06+00:00\",\"dateModified\":\"2025-12-08T13:33:21+00:00\",\"breadcrumb\":{\"@id\":\"https:\\\/\\\/ski.fi\\\/bikeparkfinland\\\/turvallisuus\\\/#breadcrumb\"},\"inLanguage\":\"fi\",\"potentialAction\":[{\"@type\":\"ReadAction\",\"target\":[\"https:\\\/\\\/ski.fi\\\/bikeparkfinland\\\/turvallisuus\\\/\"]}]},{\"@type\":\"BreadcrumbList\",\"@id\":\"https:\\\/\\\/ski.fi\\\/bikeparkfinland\\\/turvallisuus\\\/#breadcrumb\",\"itemListElement\":[{\"@type\":\"ListItem\",\"position\":1,\"name\":\"Etusivu\",\"item\":\"https:\\\/\\\/ski.fi\\\/bikeparkfinland\\\/\"},{\"@type\":\"ListItem\",\"position\":2,\"name\":\"Turvallisuus\"}]},{\"@type\":\"WebSite\",\"@id\":\"https:\\\/\\\/ski.fi\\\/bikeparkfinland\\\/#website\",\"url\":\"https:\\\/\\\/ski.fi\\\/bikeparkfinland\\\/\",\"name\":\"Bikepark Finland\",\"description\":\"\",\"potentialAction\":[{\"@type\":\"SearchAction\",\"target\":{\"@type\":\"EntryPoint\",\"urlTemplate\":\"https:\\\/\\\/ski.fi\\\/bikeparkfinland\\\/?s={search_term_string}\"},\"query-input\":{\"@type\":\"PropertyValueSpecification\",\"valueRequired\":true,\"valueName\":\"search_term_string\"}}],\"inLanguage\":\"fi\"}]}<\/script>","yoast_head_json":{"title":"Turvallisuus - Bikepark Finland","robots":{"index":"index","follow":"follow","max-snippet":"max-snippet:-1","max-image-preview":"max-image-preview:large","max-video-preview":"max-video-preview:-1"},"canonical":"https:\/\/ski.fi\/bikeparkfinland\/turvallisuus\/","og_locale":"fi_FI","og_type":"article","og_title":"Turvallisuus - Bikepark Finland","og_url":"https:\/\/ski.fi\/bikeparkfinland\/turvallisuus\/","og_site_name":"Bikepark Finland","article_modified_time":"2025-12-08T13:33:21+00:00","og_image":[{"width":1200,"height":630,"url":"https:\/\/ski.fi\/media\/sites\/3\/fallback.png","type":"image\/png"}],"twitter_card":"summary_large_image","twitter_misc":{"Arvioitu lukuaika":"1 minuutti"},"schema":{"@context":"https:\/\/schema.org","@graph":[{"@type":"WebPage","@id":"https:\/\/ski.fi\/bikeparkfinland\/turvallisuus\/","url":"https:\/\/ski.fi\/bikeparkfinland\/turvallisuus\/","name":"Turvallisuus - Bikepark Finland","isPartOf":{"@id":"https:\/\/ski.fi\/bikeparkfinland\/#website"},"datePublished":"2025-10-23T13:02:06+00:00","dateModified":"2025-12-08T13:33:21+00:00","breadcrumb":{"@id":"https:\/\/ski.fi\/bikeparkfinland\/turvallisuus\/#breadcrumb"},"inLanguage":"fi","potentialAction":[{"@type":"ReadAction","target":["https:\/\/ski.fi\/bikeparkfinland\/turvallisuus\/"]}]},{"@type":"BreadcrumbList","@id":"https:\/\/ski.fi\/bikeparkfinland\/turvallisuus\/#breadcrumb","itemListElement":[{"@type":"ListItem","position":1,"name":"Etusivu","item":"https:\/\/ski.fi\/bikeparkfinland\/"},{"@type":"ListItem","position":2,"name":"Turvallisuus"}]},{"@type":"WebSite","@id":"https:\/\/ski.fi\/bikeparkfinland\/#website","url":"https:\/\/ski.fi\/bikeparkfinland\/","name":"Bikepark Finland","description":"","potentialAction":[{"@type":"SearchAction","target":{"@type":"EntryPoint","urlTemplate":"https:\/\/ski.fi\/bikeparkfinland\/?s={search_term_string}"},"query-input":{"@type":"PropertyValueSpecification","valueRequired":true,"valueName":"search_term_string"}}],"inLanguage":"fi"}]}},"lang":"fi","translations":{"fi":644},"pll_sync_post":[],"_links":{"self":[{"href":"https:\/\/ski.fi\/bikeparkfinland\/wp-json\/wp\/v2\/pages\/644","targetHints":{"allow":["GET"]}}],"collection":[{"href":"https:\/\/ski.fi\/bikeparkfinland\/wp-json\/wp\/v2\/pages"}],"about":[{"href":"https:\/\/ski.fi\/bikeparkfinland\/wp-json\/wp\/v2\/types\/page"}],"author":[{"embeddable":true,"href":"https:\/\/ski.fi\/bikeparkfinland\/wp-json\/wp\/v2\/users\/1"}],"replies":[{"embeddable":true,"href":"https:\/\/ski.fi\/bikeparkfinland\/wp-json\/wp\/v2\/comments?post=644"}],"version-history":[{"count":10,"href":"https:\/\/ski.fi\/bikeparkfinland\/wp-json\/wp\/v2\/pages\/644\/revisions"}],"predecessor-version":[{"id":1815,"href":"https:\/\/ski.fi\/bikeparkfinland\/wp-json\/wp\/v2\/pages\/644\/revisions\/1815"}],"wp:attachment":[{"href":"https:\/\/ski.fi\/bikeparkfinland\/wp-json\/wp\/v2\/media?parent=644"}],"curies":[{"name":"wp","href":"https:\/\/api.w.org\/{rel}","templated":true}]}}